{"id":1945,"date":"2017-06-10T08:24:41","date_gmt":"2017-06-10T08:24:41","guid":{"rendered":"https:\/\/www.skiler.eu\/nasa-zgodba\/"},"modified":"2020-01-13T20:59:19","modified_gmt":"2020-01-13T19:59:19","slug":"our-story","status":"publish","type":"page","link":"https:\/\/www.skiler.eu\/en\/our-story\/","title":{"rendered":"OUR STORY"},"content":{"rendered":"<div class=\"wpb-content-wrapper\"><p>[vc_row css=&#8221;.vc_custom_1574434615239{padding-top: 8vh !important;padding-bottom: 8vh !important;}&#8221;][vc_column]<div id=\"cz_89617\" class=\"cz_89617 cz_title clr cz_mobile_text_center cz_title_pos_inline\"><div class=\"cz_title_content\"><div class=\"cz_wpe_content\"><h2>Our Story<\/h2>\n<\/div><\/div><\/div><div class=\"cz_gap clr \" style=\"height: 50px\"><\/div>[vc_row_inner gap=&#8221;30&#8243;][vc_column_inner width=&#8221;1\/2&#8243;]<div id=\"cz_81040\" class=\"cz_81040 cz_title clr cz_mobile_text_center cz_title_pos_inline\"><div class=\"cz_title_content\"><div class=\"cz_wpe_content\"><p>We are a family of six that lives near the mountains and loves to ski. Both parents are sports educators, and my father, Robert, was also an Olympian and a ski-jumping\/nordic combination coach.<\/p>\n<p>&nbsp;<\/p>\n<p>The story of Skiler began with my older brother, Nino, who was born with Down syndrome. His skiing progressed more slowly, and he lagged behind the rest of the family. I love my brother very much, so I wanted us to find a way that would make it easier for him to learn to ski.<\/p>\n<p>&nbsp;<\/p>\n<p>Existing ski-teaching aids did not give us the desired results. My father had to use all his educational and coaching skills and came up with a concept that would allow Nino to safely ski with the family and, at the same time, help him improve his technical skills.<\/p>\n<\/div><\/div><\/div>[\/vc_column_inner][vc_column_inner width=&#8221;1\/2&#8243;]<div id=\"cz_38361\" class=\"cz_38361 cz_image clr cz_image_no_fx center_on_mobile\"><div class=\"\" ><div class=\"cz_image_in\"><div class=\"cz_main_image\"><img decoding=\"async\" width=\"596\" height=\"440\" src=\"data:image\/svg+xml,%3Csvg%20xmlns%3D&#39;http%3A%2F%2Fwww.w3.org%2F2000%2Fsvg&#39;%20width=&#39;596&#39;%20height=&#39;440&#39;%20viewBox%3D&#39;0%200%20596%20440&#39;%2F%3E\" data-czlz data-src=\"https:\/\/www.skiler.eu\/wp-content\/uploads\/2019\/10\/skiler-team.jpg\" class=\"attachment-full\" alt=\"\" title=\"skiler-team\" data-srcset=\"https:\/\/www.skiler.eu\/wp-content\/uploads\/2019\/10\/skiler-team.jpg 596w, https:\/\/www.skiler.eu\/wp-content\/uploads\/2019\/10\/skiler-team-300x221.jpg 300w\" data-sizes=\"(max-width: 596px) 100vw, 596px\" \/><\/div><\/div><\/div><\/div>[\/vc_column_inner][\/vc_row_inner]<div class=\"cz_gap clr \" style=\"height: 35px\"><\/div><div id=\"cz_62724\" class=\"cz_62724 cz_title clr cz_mobile_text_center cz_title_pos_inline\"><div class=\"cz_title_content\"><div class=\"cz_wpe_content\"><p>He created Skiler, a ski-learning tool that provides complete control over speed, ski direction &#8211; you can even set the skis on their curbs &#8211; and, most importantly, it forces the skier to assume the correct posture.<\/p>\n<p>&nbsp;<\/p>\n<p>We were surprised to see how Nino started applying the correct skiing stance straight away. He quickly acquired the necessary knowledge and began to enjoy skiing. After three seasons, he was able to safely ski the steepest sections of the ski resort, all on his own. Now, he even skims the steep and icy parts better than his classically trained siblings, myself included.<\/p>\n<p>&nbsp;<\/p>\n<p>During three years of constant learning and improvements, we tested Skiler on a large number of beginners of di\ufb00erent ages, abilities, and backgrounds, with excellent results.<\/p>\n<p>&nbsp;<\/p>\n<p>Since then, I took over the development side of Skiler, a project that managed to impress many in Slovenia, and now even made its way into the U.S.A.<\/p>\n<p>&nbsp;<\/p>\n<p><em>Ivan Ka\u0161trun, Skiler project manager<\/em><\/p>\n<\/div><\/div><\/div>[\/vc_column][\/vc_row]<\/p>\n<\/div>","protected":false},"excerpt":{"rendered":"<p>[vc_row css=&#8221;.vc_custom_1574434615239{padding-top: 8vh !important;padding-bottom: 8vh !important;}&#8221;][vc_column][vc_row_inner gap=&#8221;30&#8243;][vc_column_inner width=&#8221;1\/2&#8243;][\/vc_column_inner][vc_column_inner width=&#8221;1\/2&#8243;][\/vc_column_inner][\/vc_row_inner][\/vc_column][\/vc_row] &#8230; <\/p>\n","protected":false},"author":1,"featured_media":0,"parent":0,"menu_order":0,"comment_status":"closed","ping_status":"closed","template":"","meta":{"iawp_total_views":5,"footnotes":""},"class_list":["post-1945","page","type-page","status-publish","hentry"],"yoast_head":"<!-- This site is optimized with the Yoast SEO plugin v23.5 - https:\/\/yoast.com\/wordpress\/plugins\/seo\/ -->\n<title>OUR STORY - Skiler. Pripomo\u010dek za u\u010denje smu\u010danja<\/title>\n<meta name=\"robots\" content=\"index, follow, max-snippet:-1, max-image-preview:large, max-video-preview:-1\" \/>\n<link rel=\"canonical\" href=\"https:\/\/www.skiler.eu\/en\/our-story\/\" \/>\n<meta property=\"og:locale\" content=\"en_US\" \/>\n<meta property=\"og:type\" content=\"article\" \/>\n<meta property=\"og:title\" content=\"OUR STORY - Skiler. Pripomo\u010dek za u\u010denje smu\u010danja\" \/>\n<meta property=\"og:description\" content=\"[vc_row css=&#8221;.vc_custom_1574434615239{padding-top: 8vh !important;padding-bottom: 8vh !important;}&#8221;][vc_column][vc_row_inner gap=&#8221;30&#8243;][vc_column_inner width=&#8221;1\/2&#8243;][\/vc_column_inner][vc_column_inner width=&#8221;1\/2&#8243;][\/vc_column_inner][\/vc_row_inner][\/vc_column][\/vc_row] ...\" \/>\n<meta property=\"og:url\" content=\"https:\/\/www.skiler.eu\/en\/our-story\/\" \/>\n<meta property=\"og:site_name\" content=\"Skiler. Pripomo\u010dek za u\u010denje smu\u010danja\" \/>\n<meta property=\"article:modified_time\" content=\"2020-01-13T19:59:19+00:00\" \/>\n<meta name=\"twitter:card\" content=\"summary_large_image\" \/>\n<meta name=\"twitter:label1\" content=\"Est. reading time\" \/>\n\t<meta name=\"twitter:data1\" content=\"2 minutes\" \/>\n<script type=\"application\/ld+json\" class=\"yoast-schema-graph\">{\"@context\":\"https:\/\/schema.org\",\"@graph\":[{\"@type\":\"WebPage\",\"@id\":\"https:\/\/www.skiler.eu\/en\/our-story\/\",\"url\":\"https:\/\/www.skiler.eu\/en\/our-story\/\",\"name\":\"OUR STORY - Skiler. Pripomo\u010dek za u\u010denje smu\u010danja\",\"isPartOf\":{\"@id\":\"https:\/\/www.skiler.eu\/en\/#website\"},\"datePublished\":\"2017-06-10T08:24:41+00:00\",\"dateModified\":\"2020-01-13T19:59:19+00:00\",\"breadcrumb\":{\"@id\":\"https:\/\/www.skiler.eu\/en\/our-story\/#breadcrumb\"},\"inLanguage\":\"en-US\",\"potentialAction\":[{\"@type\":\"ReadAction\",\"target\":[\"https:\/\/www.skiler.eu\/en\/our-story\/\"]}]},{\"@type\":\"BreadcrumbList\",\"@id\":\"https:\/\/www.skiler.eu\/en\/our-story\/#breadcrumb\",\"itemListElement\":[{\"@type\":\"ListItem\",\"position\":1,\"name\":\"Home\",\"item\":\"https:\/\/www.skiler.eu\/en\/\"},{\"@type\":\"ListItem\",\"position\":2,\"name\":\"OUR STORY\"}]},{\"@type\":\"WebSite\",\"@id\":\"https:\/\/www.skiler.eu\/en\/#website\",\"url\":\"https:\/\/www.skiler.eu\/en\/\",\"name\":\"Skiler. Pripomo\u010dek za u\u010denje smu\u010danja\",\"description\":\"SKILER je pripomo\u010dek za u\u010denje smu\u010danja, ki olaj\u0161a in obogati u\u010denje, tako u\u010ditelju kot u\u010dencu.\",\"potentialAction\":[{\"@type\":\"SearchAction\",\"target\":{\"@type\":\"EntryPoint\",\"urlTemplate\":\"https:\/\/www.skiler.eu\/en\/?s={search_term_string}\"},\"query-input\":{\"@type\":\"PropertyValueSpecification\",\"valueRequired\":true,\"valueName\":\"search_term_string\"}}],\"inLanguage\":\"en-US\"}]}<\/script>\n<!-- \/ Yoast SEO plugin. -->","yoast_head_json":{"title":"OUR STORY - Skiler. Pripomo\u010dek za u\u010denje smu\u010danja","robots":{"index":"index","follow":"follow","max-snippet":"max-snippet:-1","max-image-preview":"max-image-preview:large","max-video-preview":"max-video-preview:-1"},"canonical":"https:\/\/www.skiler.eu\/en\/our-story\/","og_locale":"en_US","og_type":"article","og_title":"OUR STORY - Skiler. Pripomo\u010dek za u\u010denje smu\u010danja","og_description":"[vc_row css=&#8221;.vc_custom_1574434615239{padding-top: 8vh !important;padding-bottom: 8vh !important;}&#8221;][vc_column][vc_row_inner gap=&#8221;30&#8243;][vc_column_inner width=&#8221;1\/2&#8243;][\/vc_column_inner][vc_column_inner width=&#8221;1\/2&#8243;][\/vc_column_inner][\/vc_row_inner][\/vc_column][\/vc_row] ...","og_url":"https:\/\/www.skiler.eu\/en\/our-story\/","og_site_name":"Skiler. Pripomo\u010dek za u\u010denje smu\u010danja","article_modified_time":"2020-01-13T19:59:19+00:00","twitter_card":"summary_large_image","twitter_misc":{"Est. reading time":"2 minutes"},"schema":{"@context":"https:\/\/schema.org","@graph":[{"@type":"WebPage","@id":"https:\/\/www.skiler.eu\/en\/our-story\/","url":"https:\/\/www.skiler.eu\/en\/our-story\/","name":"OUR STORY - Skiler. Pripomo\u010dek za u\u010denje smu\u010danja","isPartOf":{"@id":"https:\/\/www.skiler.eu\/en\/#website"},"datePublished":"2017-06-10T08:24:41+00:00","dateModified":"2020-01-13T19:59:19+00:00","breadcrumb":{"@id":"https:\/\/www.skiler.eu\/en\/our-story\/#breadcrumb"},"inLanguage":"en-US","potentialAction":[{"@type":"ReadAction","target":["https:\/\/www.skiler.eu\/en\/our-story\/"]}]},{"@type":"BreadcrumbList","@id":"https:\/\/www.skiler.eu\/en\/our-story\/#breadcrumb","itemListElement":[{"@type":"ListItem","position":1,"name":"Home","item":"https:\/\/www.skiler.eu\/en\/"},{"@type":"ListItem","position":2,"name":"OUR STORY"}]},{"@type":"WebSite","@id":"https:\/\/www.skiler.eu\/en\/#website","url":"https:\/\/www.skiler.eu\/en\/","name":"Skiler. Pripomo\u010dek za u\u010denje smu\u010danja","description":"SKILER je pripomo\u010dek za u\u010denje smu\u010danja, ki olaj\u0161a in obogati u\u010denje, tako u\u010ditelju kot u\u010dencu.","potentialAction":[{"@type":"SearchAction","target":{"@type":"EntryPoint","urlTemplate":"https:\/\/www.skiler.eu\/en\/?s={search_term_string}"},"query-input":{"@type":"PropertyValueSpecification","valueRequired":true,"valueName":"search_term_string"}}],"inLanguage":"en-US"}]}},"_links":{"self":[{"href":"https:\/\/www.skiler.eu\/en\/wp-json\/wp\/v2\/pages\/1945"}],"collection":[{"href":"https:\/\/www.skiler.eu\/en\/wp-json\/wp\/v2\/pages"}],"about":[{"href":"https:\/\/www.skiler.eu\/en\/wp-json\/wp\/v2\/types\/page"}],"author":[{"embeddable":true,"href":"https:\/\/www.skiler.eu\/en\/wp-json\/wp\/v2\/users\/1"}],"replies":[{"embeddable":true,"href":"https:\/\/www.skiler.eu\/en\/wp-json\/wp\/v2\/comments?post=1945"}],"version-history":[{"count":7,"href":"https:\/\/www.skiler.eu\/en\/wp-json\/wp\/v2\/pages\/1945\/revisions"}],"predecessor-version":[{"id":1947,"href":"https:\/\/www.skiler.eu\/en\/wp-json\/wp\/v2\/pages\/1945\/revisions\/1947"}],"wp:attachment":[{"href":"https:\/\/www.skiler.eu\/en\/wp-json\/wp\/v2\/media?parent=1945"}],"curies":[{"name":"wp","href":"https:\/\/api.w.org\/{rel}","templated":true}]}}